{"id":24,"date":"2021-04-28T16:41:33","date_gmt":"2021-04-28T16:41:33","guid":{"rendered":"https:\/\/pafusol.com\/?page_id=24"},"modified":"2021-05-13T17:54:55","modified_gmt":"2021-05-13T17:54:55","slug":"nosotros","status":"publish","type":"page","link":"https:\/\/pafusol.com\/index.php\/nosotros\/","title":{"rendered":"Nosotros"},"content":{"rendered":"\t\t<div data-elementor-type=\"wp-page\" data-elementor-id=\"24\" class=\"elementor elementor-24\">\n\t\t\t\t\t\t<section class=\"elementor-section elementor-top-section elementor-element elementor-element-1ba8ca3d elementor-section-height-min-height elementor-section-boxed elementor-section-height-default elementor-section-items-middle\" data-id=\"1ba8ca3d\" data-element_type=\"section\" data-settings=\"{&quot;background_background&quot;:&quot;classic&quot;}\">\n\t\t\t\t\t\t\t<div class=\"elementor-background-overlay\"><\/div>\n\t\t\t\t\t\t\t<div class=\"elementor-container elementor-column-gap-default\">\n\t\t\t\t\t<div class=\"elementor-column elementor-col-100 elementor-top-column elementor-element elementor-element-3d061414\" data-id=\"3d061414\" data-element_type=\"column\">\n\t\t\t<div class=\"elementor-widget-wrap elementor-element-populated\">\n\t\t\t\t\t\t<div class=\"elementor-element elementor-element-608abcc6 animated-slow elementor-invisible elementor-widget elementor-widget-text-editor\" data-id=\"608abcc6\" data-element_type=\"widget\" data-settings=\"{&quot;_animation&quot;:&quot;fadeIn&quot;,&quot;_animation_delay&quot;:300}\" data-widget_type=\"text-editor.default\">\n\t\t\t\t<div class=\"elementor-widget-container\">\n\t\t\t\t\t\t\t\t\t<p>\u00bfQui\u00e9nes somos?<\/p>\t\t\t\t\t\t\t\t<\/div>\n\t\t\t\t<\/div>\n\t\t\t\t\t<\/div>\n\t\t<\/div>\n\t\t\t\t\t<\/div>\n\t\t<\/section>\n\t\t\t\t<section class=\"elementor-section elementor-top-section elementor-element elementor-element-715d2ac7 elementor-section-content-middle elementor-section-boxed elementor-section-height-default elementor-section-height-default\" data-id=\"715d2ac7\" data-element_type=\"section\">\n\t\t\t\t\t\t<div class=\"elementor-container elementor-column-gap-no\">\n\t\t\t\t\t<div class=\"elementor-column elementor-col-100 elementor-top-column elementor-element elementor-element-2c97b583\" data-id=\"2c97b583\" data-element_type=\"column\">\n\t\t\t<div class=\"elementor-widget-wrap elementor-element-populated\">\n\t\t\t\t\t\t<div class=\"elementor-element elementor-element-fbbf14a elementor-invisible elementor-widget elementor-widget-heading\" data-id=\"fbbf14a\" data-element_type=\"widget\" data-settings=\"{&quot;_animation&quot;:&quot;fadeIn&quot;}\" data-widget_type=\"heading.default\">\n\t\t\t\t<div class=\"elementor-widget-container\">\n\t\t\t\t\t<h4 class=\"elementor-heading-title elementor-size-default\">Historia<\/h4>\t\t\t\t<\/div>\n\t\t\t\t<\/div>\n\t\t\t\t<div class=\"elementor-element elementor-element-7658c680 elementor-invisible elementor-widget elementor-widget-text-editor\" data-id=\"7658c680\" data-element_type=\"widget\" data-settings=\"{&quot;_animation&quot;:&quot;fadeIn&quot;,&quot;_animation_delay&quot;:400}\" data-widget_type=\"text-editor.default\">\n\t\t\t\t<div class=\"elementor-widget-container\">\n\t\t\t\t\t\t\t\t\t<p><span style=\"font-weight: 400;\">Fundada por empresas especializadas en el medio del combustible desde hace m\u00e1s de 35 a\u00f1os y tras 2 a\u00f1os de investigaci\u00f3n y desarrollo lanzan al mercado 2 productos integrales para el manejo y control de Flotillas de grandes clientes.<\/span><\/p><p><span style=\"font-weight: 400;\">Con la apertura del mercado de combustibles, los grandes clientes obtienen ahora el beneficio de tener en sitio su control de Autoconsumo de manera centralizada.<\/span><\/p>\t\t\t\t\t\t\t\t<\/div>\n\t\t\t\t<\/div>\n\t\t\t\t<section class=\"elementor-section elementor-inner-section elementor-element elementor-element-65f0128 elementor-section-content-middle elementor-section-boxed elementor-section-height-default elementor-section-height-default\" data-id=\"65f0128\" data-element_type=\"section\">\n\t\t\t\t\t\t<div class=\"elementor-container elementor-column-gap-no\">\n\t\t\t\t\t<div class=\"elementor-column elementor-col-100 elementor-inner-column elementor-element elementor-element-4ca40c7c\" data-id=\"4ca40c7c\" data-element_type=\"column\">\n\t\t\t<div class=\"elementor-widget-wrap elementor-element-populated\">\n\t\t\t\t\t\t<div class=\"elementor-element elementor-element-72bb3adc elementor-align-center elementor-invisible elementor-widget elementor-widget-button\" data-id=\"72bb3adc\" data-element_type=\"widget\" data-settings=\"{&quot;_animation&quot;:&quot;fadeIn&quot;,&quot;_animation_delay&quot;:800}\" data-widget_type=\"button.default\">\n\t\t\t\t<div class=\"elementor-widget-container\">\n\t\t\t\t\t\t\t\t\t<div class=\"elementor-button-wrapper\">\n\t\t\t\t\t<a class=\"elementor-button elementor-button-link elementor-size-sm elementor-animation-grow\" href=\"#\">\n\t\t\t\t\t\t<span class=\"elementor-button-content-wrapper\">\n\t\t\t\t\t\t\t\t\t<span class=\"elementor-button-text\">Leer m\u00e1s<\/span>\n\t\t\t\t\t<\/span>\n\t\t\t\t\t<\/a>\n\t\t\t\t<\/div>\n\t\t\t\t\t\t\t\t<\/div>\n\t\t\t\t<\/div>\n\t\t\t\t\t<\/div>\n\t\t<\/div>\n\t\t\t\t\t<\/div>\n\t\t<\/section>\n\t\t\t\t\t<\/div>\n\t\t<\/div>\n\t\t\t\t\t<\/div>\n\t\t<\/section>\n\t\t\t\t<section class=\"elementor-section elementor-top-section elementor-element elementor-element-6c211930 elementor-section-content-middle elementor-section-boxed elementor-section-height-default elementor-section-height-default\" data-id=\"6c211930\" data-element_type=\"section\" data-settings=\"{&quot;background_background&quot;:&quot;classic&quot;}\">\n\t\t\t\t\t\t\t<div class=\"elementor-background-overlay\"><\/div>\n\t\t\t\t\t\t\t<div class=\"elementor-container elementor-column-gap-extended\">\n\t\t\t\t\t<div class=\"elementor-column elementor-col-50 elementor-top-column elementor-element elementor-element-47173b99\" data-id=\"47173b99\" data-element_type=\"column\">\n\t\t\t<div class=\"elementor-widget-wrap elementor-element-populated\">\n\t\t\t\t\t\t<div class=\"elementor-element elementor-element-4676bdce elementor-invisible elementor-widget elementor-widget-heading\" data-id=\"4676bdce\" data-element_type=\"widget\" data-settings=\"{&quot;_animation&quot;:&quot;fadeIn&quot;}\" data-widget_type=\"heading.default\">\n\t\t\t\t<div class=\"elementor-widget-container\">\n\t\t\t\t\t<h4 class=\"elementor-heading-title elementor-size-default\">Misi\u00f3n<\/h4>\t\t\t\t<\/div>\n\t\t\t\t<\/div>\n\t\t\t\t<div class=\"elementor-element elementor-element-a469055 elementor-invisible elementor-widget elementor-widget-text-editor\" data-id=\"a469055\" data-element_type=\"widget\" data-settings=\"{&quot;_animation&quot;:&quot;fadeIn&quot;,&quot;_animation_delay&quot;:400}\" data-widget_type=\"text-editor.default\">\n\t\t\t\t<div class=\"elementor-widget-container\">\n\t\t\t\t\t\t\t\t\t<p><span style=\"font-weight: 400;\">Somos una empresa mexicana innovadora que fabrica dispensarios, equipos de medici\u00f3n\u00a0 y equipos de trasvase de combustible, que ofrece soluciones de control y automatizaci\u00f3n para el manejo de combustibles, para el mercado a nivel mundial.<\/span><\/p>\t\t\t\t\t\t\t\t<\/div>\n\t\t\t\t<\/div>\n\t\t\t\t<div class=\"elementor-element elementor-element-b062b0b elementor-invisible elementor-widget elementor-widget-heading\" data-id=\"b062b0b\" data-element_type=\"widget\" data-settings=\"{&quot;_animation&quot;:&quot;fadeIn&quot;}\" data-widget_type=\"heading.default\">\n\t\t\t\t<div class=\"elementor-widget-container\">\n\t\t\t\t\t<h4 class=\"elementor-heading-title elementor-size-default\">Visi\u00f3n<\/h4>\t\t\t\t<\/div>\n\t\t\t\t<\/div>\n\t\t\t\t<div class=\"elementor-element elementor-element-9ff50ba elementor-invisible elementor-widget elementor-widget-text-editor\" data-id=\"9ff50ba\" data-element_type=\"widget\" data-settings=\"{&quot;_animation&quot;:&quot;fadeIn&quot;,&quot;_animation_delay&quot;:400}\" data-widget_type=\"text-editor.default\">\n\t\t\t\t<div class=\"elementor-widget-container\">\n\t\t\t\t\t\t\t\t\t<p><span style=\"font-weight: 400;\">Ser una empresa rentable con responsabilidad social para los colaboradores, l\u00edder en M\u00e9xico y Latinoam\u00e9rica en la fabricaci\u00f3n de dispensarios para el mercado de autoconsumo de combustible, as\u00ed como equipos de medici\u00f3n y equipos de trasvase de combustible, invirtiendo constantemente en investigaci\u00f3n y desarrollo, para mantenernos a la vanguardia en t\u00e9rminos de innovaci\u00f3n tecnol\u00f3gica.<\/span><\/p>\t\t\t\t\t\t\t\t<\/div>\n\t\t\t\t<\/div>\n\t\t\t\t\t<\/div>\n\t\t<\/div>\n\t\t\t\t<div class=\"elementor-column elementor-col-50 elementor-top-column elementor-element elementor-element-9f66f0c\" data-id=\"9f66f0c\" data-element_type=\"column\">\n\t\t\t<div class=\"elementor-widget-wrap elementor-element-populated\">\n\t\t\t\t\t\t<div class=\"elementor-element elementor-element-8c6a360 elementor-invisible elementor-widget elementor-widget-heading\" data-id=\"8c6a360\" data-element_type=\"widget\" data-settings=\"{&quot;_animation&quot;:&quot;fadeIn&quot;}\" data-widget_type=\"heading.default\">\n\t\t\t\t<div class=\"elementor-widget-container\">\n\t\t\t\t\t<h4 class=\"elementor-heading-title elementor-size-default\">Valores<\/h4>\t\t\t\t<\/div>\n\t\t\t\t<\/div>\n\t\t\t\t<div class=\"elementor-element elementor-element-588cc62 elementor-widget elementor-widget-accordion\" data-id=\"588cc62\" data-element_type=\"widget\" data-widget_type=\"accordion.default\">\n\t\t\t\t<div class=\"elementor-widget-container\">\n\t\t\t\t\t\t\t<div class=\"elementor-accordion\">\n\t\t\t\t\t\t\t<div class=\"elementor-accordion-item\">\n\t\t\t\t\t<div id=\"elementor-tab-title-9281\" class=\"elementor-tab-title\" data-tab=\"1\" role=\"button\" aria-controls=\"elementor-tab-content-9281\" aria-expanded=\"false\">\n\t\t\t\t\t\t\t\t\t\t\t\t\t<span class=\"elementor-accordion-icon elementor-accordion-icon-left\" aria-hidden=\"true\">\n\t\t\t\t\t\t\t\t\t\t\t\t\t\t\t<span class=\"elementor-accordion-icon-closed\"><i class=\"fas fa-plus\"><\/i><\/span>\n\t\t\t\t\t\t\t\t<span class=\"elementor-accordion-icon-opened\"><i class=\"fas fa-minus\"><\/i><\/span>\n\t\t\t\t\t\t\t\t\t\t\t\t\t\t<\/span>\n\t\t\t\t\t\t\t\t\t\t\t\t<a class=\"elementor-accordion-title\" tabindex=\"0\">Honestidad<\/a>\n\t\t\t\t\t<\/div>\n\t\t\t\t\t<div id=\"elementor-tab-content-9281\" class=\"elementor-tab-content elementor-clearfix\" data-tab=\"1\" role=\"region\" aria-labelledby=\"elementor-tab-title-9281\"><p><span style=\"font-weight: 400;\">Esto significa decir y conducirse siempre con la verdad, aunque ello signifique admitir los errores propios y hablar de problemas que uno gener\u00f3, ya que el reconocimiento de los problemas es el primer paso a la soluci\u00f3n de los mismos.<\/span><\/p><\/div>\n\t\t\t\t<\/div>\n\t\t\t\t\t\t\t<div class=\"elementor-accordion-item\">\n\t\t\t\t\t<div id=\"elementor-tab-title-9282\" class=\"elementor-tab-title\" data-tab=\"2\" role=\"button\" aria-controls=\"elementor-tab-content-9282\" aria-expanded=\"false\">\n\t\t\t\t\t\t\t\t\t\t\t\t\t<span class=\"elementor-accordion-icon elementor-accordion-icon-left\" aria-hidden=\"true\">\n\t\t\t\t\t\t\t\t\t\t\t\t\t\t\t<span class=\"elementor-accordion-icon-closed\"><i class=\"fas fa-plus\"><\/i><\/span>\n\t\t\t\t\t\t\t\t<span class=\"elementor-accordion-icon-opened\"><i class=\"fas fa-minus\"><\/i><\/span>\n\t\t\t\t\t\t\t\t\t\t\t\t\t\t<\/span>\n\t\t\t\t\t\t\t\t\t\t\t\t<a class=\"elementor-accordion-title\" tabindex=\"0\">Responsabilidad<\/a>\n\t\t\t\t\t<\/div>\n\t\t\t\t\t<div id=\"elementor-tab-content-9282\" class=\"elementor-tab-content elementor-clearfix\" data-tab=\"2\" role=\"region\" aria-labelledby=\"elementor-tab-title-9282\"><p><span style=\"font-weight: 400;\">Se refiere al cumplimiento de las obligaciones asignadas, pero tambi\u00e9n se refiere a ser capaz de responder por el trabajo que uno hace. En el sentido amplio, es asegurarse que las decisiones que uno tom\u00f3, las tom\u00f3 como si uno fuera el responsable de la empresa.<\/span><\/p><\/div>\n\t\t\t\t<\/div>\n\t\t\t\t\t\t\t<div class=\"elementor-accordion-item\">\n\t\t\t\t\t<div id=\"elementor-tab-title-9283\" class=\"elementor-tab-title\" data-tab=\"3\" role=\"button\" aria-controls=\"elementor-tab-content-9283\" aria-expanded=\"false\">\n\t\t\t\t\t\t\t\t\t\t\t\t\t<span class=\"elementor-accordion-icon elementor-accordion-icon-left\" aria-hidden=\"true\">\n\t\t\t\t\t\t\t\t\t\t\t\t\t\t\t<span class=\"elementor-accordion-icon-closed\"><i class=\"fas fa-plus\"><\/i><\/span>\n\t\t\t\t\t\t\t\t<span class=\"elementor-accordion-icon-opened\"><i class=\"fas fa-minus\"><\/i><\/span>\n\t\t\t\t\t\t\t\t\t\t\t\t\t\t<\/span>\n\t\t\t\t\t\t\t\t\t\t\t\t<a class=\"elementor-accordion-title\" tabindex=\"0\">Trabajo en equipo<\/a>\n\t\t\t\t\t<\/div>\n\t\t\t\t\t<div id=\"elementor-tab-content-9283\" class=\"elementor-tab-content elementor-clearfix\" data-tab=\"3\" role=\"region\" aria-labelledby=\"elementor-tab-title-9283\"><p><span style=\"font-weight: 400;\">Se refiere a tener consciencia respecto a que todos somos interdependientes, y nadie puede trabajar aislado. El \u00e9xito del trabajo de uno depende de la informaci\u00f3n de otra persona, as\u00ed como el \u00e9xito del negocio, depende de la adecuada coordinaci\u00f3n de todos los colaboradores.<\/span><\/p><\/div>\n\t\t\t\t<\/div>\n\t\t\t\t\t\t\t<div class=\"elementor-accordion-item\">\n\t\t\t\t\t<div id=\"elementor-tab-title-9284\" class=\"elementor-tab-title\" data-tab=\"4\" role=\"button\" aria-controls=\"elementor-tab-content-9284\" aria-expanded=\"false\">\n\t\t\t\t\t\t\t\t\t\t\t\t\t<span class=\"elementor-accordion-icon elementor-accordion-icon-left\" aria-hidden=\"true\">\n\t\t\t\t\t\t\t\t\t\t\t\t\t\t\t<span class=\"elementor-accordion-icon-closed\"><i class=\"fas fa-plus\"><\/i><\/span>\n\t\t\t\t\t\t\t\t<span class=\"elementor-accordion-icon-opened\"><i class=\"fas fa-minus\"><\/i><\/span>\n\t\t\t\t\t\t\t\t\t\t\t\t\t\t<\/span>\n\t\t\t\t\t\t\t\t\t\t\t\t<a class=\"elementor-accordion-title\" tabindex=\"0\">Proactividad<\/a>\n\t\t\t\t\t<\/div>\n\t\t\t\t\t<div id=\"elementor-tab-content-9284\" class=\"elementor-tab-content elementor-clearfix\" data-tab=\"4\" role=\"region\" aria-labelledby=\"elementor-tab-title-9284\"><p><span style=\"font-weight: 400;\">Significa que uno debe de tener iniciativa para prevenir o solucionar los problemas que est\u00e1n en su \u00e1rea, inclusive cuando nadie le ha solicitado a uno que los solucione. Esto incluye la limpieza en el \u00e1rea de trabajo.<\/span><\/p><\/div>\n\t\t\t\t<\/div>\n\t\t\t\t\t\t\t<div class=\"elementor-accordion-item\">\n\t\t\t\t\t<div id=\"elementor-tab-title-9285\" class=\"elementor-tab-title\" data-tab=\"5\" role=\"button\" aria-controls=\"elementor-tab-content-9285\" aria-expanded=\"false\">\n\t\t\t\t\t\t\t\t\t\t\t\t\t<span class=\"elementor-accordion-icon elementor-accordion-icon-left\" aria-hidden=\"true\">\n\t\t\t\t\t\t\t\t\t\t\t\t\t\t\t<span class=\"elementor-accordion-icon-closed\"><i class=\"fas fa-plus\"><\/i><\/span>\n\t\t\t\t\t\t\t\t<span class=\"elementor-accordion-icon-opened\"><i class=\"fas fa-minus\"><\/i><\/span>\n\t\t\t\t\t\t\t\t\t\t\t\t\t\t<\/span>\n\t\t\t\t\t\t\t\t\t\t\t\t<a class=\"elementor-accordion-title\" tabindex=\"0\">Orientaci\u00f3n a resultados<\/a>\n\t\t\t\t\t<\/div>\n\t\t\t\t\t<div id=\"elementor-tab-content-9285\" class=\"elementor-tab-content elementor-clearfix\" data-tab=\"5\" role=\"region\" aria-labelledby=\"elementor-tab-title-9285\"><p><span style=\"font-weight: 400;\">Se refiere a comprender que, lo importante no es trabajar 8 horas, sino la obtenci\u00f3n de los resultados requeridos durante el d\u00eda, independientemente del tiempo que invert\u00ed en obtenerlos.<\/span><\/p><\/div>\n\t\t\t\t<\/div>\n\t\t\t\t\t\t\t<div class=\"elementor-accordion-item\">\n\t\t\t\t\t<div id=\"elementor-tab-title-9286\" class=\"elementor-tab-title\" data-tab=\"6\" role=\"button\" aria-controls=\"elementor-tab-content-9286\" aria-expanded=\"false\">\n\t\t\t\t\t\t\t\t\t\t\t\t\t<span class=\"elementor-accordion-icon elementor-accordion-icon-left\" aria-hidden=\"true\">\n\t\t\t\t\t\t\t\t\t\t\t\t\t\t\t<span class=\"elementor-accordion-icon-closed\"><i class=\"fas fa-plus\"><\/i><\/span>\n\t\t\t\t\t\t\t\t<span class=\"elementor-accordion-icon-opened\"><i class=\"fas fa-minus\"><\/i><\/span>\n\t\t\t\t\t\t\t\t\t\t\t\t\t\t<\/span>\n\t\t\t\t\t\t\t\t\t\t\t\t<a class=\"elementor-accordion-title\" tabindex=\"0\">Servicio al cliente<\/a>\n\t\t\t\t\t<\/div>\n\t\t\t\t\t<div id=\"elementor-tab-content-9286\" class=\"elementor-tab-content elementor-clearfix\" data-tab=\"6\" role=\"region\" aria-labelledby=\"elementor-tab-title-9286\"><p><span style=\"font-weight: 400;\">Significa dar lo mejor de uno para satisfacer las necesidades y solucionar los problemas de mi cliente, ya sea cliente externo, o cliente interno (compa\u00f1ero de trabajo). Es muy importante tratar de comprender el problema de origen, para no solamente atender su solicitud, sino inclusive proponerle la mejor soluci\u00f3n que est\u00e9 en nuestras manos.<\/span><\/p><\/div>\n\t\t\t\t<\/div>\n\t\t\t\t\t\t\t<div class=\"elementor-accordion-item\">\n\t\t\t\t\t<div id=\"elementor-tab-title-9287\" class=\"elementor-tab-title\" data-tab=\"7\" role=\"button\" aria-controls=\"elementor-tab-content-9287\" aria-expanded=\"false\">\n\t\t\t\t\t\t\t\t\t\t\t\t\t<span class=\"elementor-accordion-icon elementor-accordion-icon-left\" aria-hidden=\"true\">\n\t\t\t\t\t\t\t\t\t\t\t\t\t\t\t<span class=\"elementor-accordion-icon-closed\"><i class=\"fas fa-plus\"><\/i><\/span>\n\t\t\t\t\t\t\t\t<span class=\"elementor-accordion-icon-opened\"><i class=\"fas fa-minus\"><\/i><\/span>\n\t\t\t\t\t\t\t\t\t\t\t\t\t\t<\/span>\n\t\t\t\t\t\t\t\t\t\t\t\t<a class=\"elementor-accordion-title\" tabindex=\"0\">Innovaci\u00f3n<\/a>\n\t\t\t\t\t<\/div>\n\t\t\t\t\t<div id=\"elementor-tab-content-9287\" class=\"elementor-tab-content elementor-clearfix\" data-tab=\"7\" role=\"region\" aria-labelledby=\"elementor-tab-title-9287\"><p><span style=\"font-weight: 400;\">Se refiere a buscar permanentemente una mejor manera de hacer las cosas que hago, o hacer alguna actividad nueva que genere mejores resultados. Esto conlleva a estar siempre dispuesto a aprender y a mejorar. <\/span><\/p><\/div>\n\t\t\t\t<\/div>\n\t\t\t\t\t\t\t\t<\/div>\n\t\t\t\t\t\t<\/div>\n\t\t\t\t<\/div>\n\t\t\t\t\t<\/div>\n\t\t<\/div>\n\t\t\t\t\t<\/div>\n\t\t<\/section>\n\t\t\t\t<\/div>\n\t\t","protected":false},"excerpt":{"rendered":"<p>\u00bfQui\u00e9nes somos? Historia Fundada por empresas especializadas en el medio del combustible desde hace m\u00e1s de 35 a\u00f1os y tras 2 a\u00f1os de investigaci\u00f3n y desarrollo lanzan al mercado 2 productos integrales para el manejo y control de Flotillas de grandes clientes. Con la apertura del mercado de combustibles, los grandes clientes obtienen ahora el &hellip; <\/p>\n<p class=\"link-more\"><a href=\"https:\/\/pafusol.com\/index.php\/nosotros\/\" class=\"more-link\">Continuar leyendo<span class=\"screen-reader-text\"> &#8220;Nosotros&#8221;<\/span><\/a><\/p>\n","protected":false},"author":1,"featured_media":0,"parent":0,"menu_order":0,"comment_status":"closed","ping_status":"closed","template":"elementor_header_footer","meta":{"inline_featured_image":false,"_joinchat":[],"footnotes":""},"class_list":["post-24","page","type-page","status-publish","hentry","entry"],"yoast_head":"<!-- This site is optimized with the Yoast SEO plugin v24.2 - https:\/\/yoast.com\/wordpress\/plugins\/seo\/ -->\n<title>Nosotros - Pacific Fuel Solutions<\/title>\n<meta name=\"robots\" content=\"index, follow, max-snippet:-1, max-image-preview:large, max-video-preview:-1\" \/>\n<link rel=\"canonical\" href=\"https:\/\/pafusol.com\/index.php\/nosotros\/\" \/>\n<meta property=\"og:locale\" content=\"es_MX\" \/>\n<meta property=\"og:type\" content=\"article\" \/>\n<meta property=\"og:title\" content=\"Nosotros - Pacific Fuel Solutions\" \/>\n<meta property=\"og:description\" content=\"\u00bfQui\u00e9nes somos? Historia Fundada por empresas especializadas en el medio del combustible desde hace m\u00e1s de 35 a\u00f1os y tras 2 a\u00f1os de investigaci\u00f3n y desarrollo lanzan al mercado 2 productos integrales para el manejo y control de Flotillas de grandes clientes. Con la apertura del mercado de combustibles, los grandes clientes obtienen ahora el &hellip; Continuar leyendo &quot;Nosotros&quot;\" \/>\n<meta property=\"og:url\" content=\"https:\/\/pafusol.com\/index.php\/nosotros\/\" \/>\n<meta property=\"og:site_name\" content=\"Pacific Fuel Solutions\" \/>\n<meta property=\"article:modified_time\" content=\"2021-05-13T17:54:55+00:00\" \/>\n<meta name=\"twitter:card\" content=\"summary_large_image\" \/>\n<meta name=\"twitter:label1\" content=\"Tiempo de lectura\" \/>\n\t<meta name=\"twitter:data1\" content=\"3 minutos\" \/>\n<script type=\"application\/ld+json\" class=\"yoast-schema-graph\">{\"@context\":\"https:\/\/schema.org\",\"@graph\":[{\"@type\":\"WebPage\",\"@id\":\"https:\/\/pafusol.com\/index.php\/nosotros\/\",\"url\":\"https:\/\/pafusol.com\/index.php\/nosotros\/\",\"name\":\"Nosotros - Pacific Fuel Solutions\",\"isPartOf\":{\"@id\":\"https:\/\/pafusol.com\/#website\"},\"datePublished\":\"2021-04-28T16:41:33+00:00\",\"dateModified\":\"2021-05-13T17:54:55+00:00\",\"breadcrumb\":{\"@id\":\"https:\/\/pafusol.com\/index.php\/nosotros\/#breadcrumb\"},\"inLanguage\":\"es\",\"potentialAction\":[{\"@type\":\"ReadAction\",\"target\":[\"https:\/\/pafusol.com\/index.php\/nosotros\/\"]}]},{\"@type\":\"BreadcrumbList\",\"@id\":\"https:\/\/pafusol.com\/index.php\/nosotros\/#breadcrumb\",\"itemListElement\":[{\"@type\":\"ListItem\",\"position\":1,\"name\":\"Inicio\",\"item\":\"https:\/\/pafusol.com\/\"},{\"@type\":\"ListItem\",\"position\":2,\"name\":\"Nosotros\"}]},{\"@type\":\"WebSite\",\"@id\":\"https:\/\/pafusol.com\/#website\",\"url\":\"https:\/\/pafusol.com\/\",\"name\":\"Pacific Fuel Solutions\",\"description\":\"Just another WordPress site\",\"publisher\":{\"@id\":\"https:\/\/pafusol.com\/#organization\"},\"potentialAction\":[{\"@type\":\"SearchAction\",\"target\":{\"@type\":\"EntryPoint\",\"urlTemplate\":\"https:\/\/pafusol.com\/?s={search_term_string}\"},\"query-input\":{\"@type\":\"PropertyValueSpecification\",\"valueRequired\":true,\"valueName\":\"search_term_string\"}}],\"inLanguage\":\"es\"},{\"@type\":\"Organization\",\"@id\":\"https:\/\/pafusol.com\/#organization\",\"name\":\"Pacific Fuel Solutions\",\"url\":\"https:\/\/pafusol.com\/\",\"logo\":{\"@type\":\"ImageObject\",\"inLanguage\":\"es\",\"@id\":\"https:\/\/pafusol.com\/#\/schema\/logo\/image\/\",\"url\":\"https:\/\/pafusol.com\/wp-content\/uploads\/2021\/05\/LOGO-PFS-chico.svg\",\"contentUrl\":\"https:\/\/pafusol.com\/wp-content\/uploads\/2021\/05\/LOGO-PFS-chico.svg\",\"caption\":\"Pacific Fuel Solutions\"},\"image\":{\"@id\":\"https:\/\/pafusol.com\/#\/schema\/logo\/image\/\"}}]}<\/script>\n<!-- \/ Yoast SEO plugin. -->","yoast_head_json":{"title":"Nosotros - Pacific Fuel Solutions","robots":{"index":"index","follow":"follow","max-snippet":"max-snippet:-1","max-image-preview":"max-image-preview:large","max-video-preview":"max-video-preview:-1"},"canonical":"https:\/\/pafusol.com\/index.php\/nosotros\/","og_locale":"es_MX","og_type":"article","og_title":"Nosotros - Pacific Fuel Solutions","og_description":"\u00bfQui\u00e9nes somos? Historia Fundada por empresas especializadas en el medio del combustible desde hace m\u00e1s de 35 a\u00f1os y tras 2 a\u00f1os de investigaci\u00f3n y desarrollo lanzan al mercado 2 productos integrales para el manejo y control de Flotillas de grandes clientes. Con la apertura del mercado de combustibles, los grandes clientes obtienen ahora el &hellip; Continuar leyendo \"Nosotros\"","og_url":"https:\/\/pafusol.com\/index.php\/nosotros\/","og_site_name":"Pacific Fuel Solutions","article_modified_time":"2021-05-13T17:54:55+00:00","twitter_card":"summary_large_image","twitter_misc":{"Tiempo de lectura":"3 minutos"},"schema":{"@context":"https:\/\/schema.org","@graph":[{"@type":"WebPage","@id":"https:\/\/pafusol.com\/index.php\/nosotros\/","url":"https:\/\/pafusol.com\/index.php\/nosotros\/","name":"Nosotros - Pacific Fuel Solutions","isPartOf":{"@id":"https:\/\/pafusol.com\/#website"},"datePublished":"2021-04-28T16:41:33+00:00","dateModified":"2021-05-13T17:54:55+00:00","breadcrumb":{"@id":"https:\/\/pafusol.com\/index.php\/nosotros\/#breadcrumb"},"inLanguage":"es","potentialAction":[{"@type":"ReadAction","target":["https:\/\/pafusol.com\/index.php\/nosotros\/"]}]},{"@type":"BreadcrumbList","@id":"https:\/\/pafusol.com\/index.php\/nosotros\/#breadcrumb","itemListElement":[{"@type":"ListItem","position":1,"name":"Inicio","item":"https:\/\/pafusol.com\/"},{"@type":"ListItem","position":2,"name":"Nosotros"}]},{"@type":"WebSite","@id":"https:\/\/pafusol.com\/#website","url":"https:\/\/pafusol.com\/","name":"Pacific Fuel Solutions","description":"Just another WordPress site","publisher":{"@id":"https:\/\/pafusol.com\/#organization"},"potentialAction":[{"@type":"SearchAction","target":{"@type":"EntryPoint","urlTemplate":"https:\/\/pafusol.com\/?s={search_term_string}"},"query-input":{"@type":"PropertyValueSpecification","valueRequired":true,"valueName":"search_term_string"}}],"inLanguage":"es"},{"@type":"Organization","@id":"https:\/\/pafusol.com\/#organization","name":"Pacific Fuel Solutions","url":"https:\/\/pafusol.com\/","logo":{"@type":"ImageObject","inLanguage":"es","@id":"https:\/\/pafusol.com\/#\/schema\/logo\/image\/","url":"https:\/\/pafusol.com\/wp-content\/uploads\/2021\/05\/LOGO-PFS-chico.svg","contentUrl":"https:\/\/pafusol.com\/wp-content\/uploads\/2021\/05\/LOGO-PFS-chico.svg","caption":"Pacific Fuel Solutions"},"image":{"@id":"https:\/\/pafusol.com\/#\/schema\/logo\/image\/"}}]}},"_links":{"self":[{"href":"https:\/\/pafusol.com\/index.php\/wp-json\/wp\/v2\/pages\/24","targetHints":{"allow":["GET"]}}],"collection":[{"href":"https:\/\/pafusol.com\/index.php\/wp-json\/wp\/v2\/pages"}],"about":[{"href":"https:\/\/pafusol.com\/index.php\/wp-json\/wp\/v2\/types\/page"}],"author":[{"embeddable":true,"href":"https:\/\/pafusol.com\/index.php\/wp-json\/wp\/v2\/users\/1"}],"replies":[{"embeddable":true,"href":"https:\/\/pafusol.com\/index.php\/wp-json\/wp\/v2\/comments?post=24"}],"version-history":[{"count":16,"href":"https:\/\/pafusol.com\/index.php\/wp-json\/wp\/v2\/pages\/24\/revisions"}],"predecessor-version":[{"id":412,"href":"https:\/\/pafusol.com\/index.php\/wp-json\/wp\/v2\/pages\/24\/revisions\/412"}],"wp:attachment":[{"href":"https:\/\/pafusol.com\/index.php\/wp-json\/wp\/v2\/media?parent=24"}],"curies":[{"name":"wp","href":"https:\/\/api.w.org\/{rel}","templated":true}]}}