{"id":773,"date":"2023-11-15T00:57:32","date_gmt":"2023-11-15T00:57:32","guid":{"rendered":"https:\/\/pafusol.com\/?page_id=773"},"modified":"2023-11-15T04:37:08","modified_gmt":"2023-11-15T04:37:08","slug":"urea","status":"publish","type":"page","link":"https:\/\/pafusol.com\/index.php\/productos\/urea\/","title":{"rendered":"Urea"},"content":{"rendered":"\t\t<div data-elementor-type=\"wp-page\" data-elementor-id=\"773\" class=\"elementor elementor-773\">\n\t\t\t\t\t\t<section class=\"elementor-section elementor-top-section elementor-element elementor-element-28078464 elementor-section-boxed elementor-section-height-default elementor-section-height-default\" data-id=\"28078464\" data-element_type=\"section\" data-settings=\"{&quot;background_background&quot;:&quot;classic&quot;}\">\n\t\t\t\t\t\t<div class=\"elementor-container elementor-column-gap-default\">\n\t\t\t\t\t<div class=\"elementor-column elementor-col-100 elementor-top-column elementor-element elementor-element-61c5019d\" data-id=\"61c5019d\" data-element_type=\"column\">\n\t\t\t<div class=\"elementor-widget-wrap elementor-element-populated\">\n\t\t\t\t\t\t<div class=\"elementor-element elementor-element-521d442e hfe-nav-menu__align-center hfe-nav-menu__breakpoint-none elementor-widget__width-inherit hfe-submenu-icon-arrow hfe-submenu-animation-none hfe-link-redirect-child elementor-widget elementor-widget-navigation-menu\" data-id=\"521d442e\" data-element_type=\"widget\" data-settings=\"{&quot;padding_horizontal_menu_item&quot;:{&quot;unit&quot;:&quot;px&quot;,&quot;size&quot;:34,&quot;sizes&quot;:[]},&quot;padding_horizontal_menu_item_mobile&quot;:{&quot;unit&quot;:&quot;px&quot;,&quot;size&quot;:9,&quot;sizes&quot;:[]},&quot;padding_vertical_menu_item_mobile&quot;:{&quot;unit&quot;:&quot;px&quot;,&quot;size&quot;:13,&quot;sizes&quot;:[]},&quot;menu_space_between_mobile&quot;:{&quot;unit&quot;:&quot;px&quot;,&quot;size&quot;:18,&quot;sizes&quot;:[]},&quot;menu_row_space&quot;:{&quot;unit&quot;:&quot;px&quot;,&quot;size&quot;:0,&quot;sizes&quot;:[]},&quot;padding_horizontal_menu_item_tablet&quot;:{&quot;unit&quot;:&quot;px&quot;,&quot;size&quot;:&quot;&quot;,&quot;sizes&quot;:[]},&quot;padding_vertical_menu_item&quot;:{&quot;unit&quot;:&quot;px&quot;,&quot;size&quot;:15,&quot;sizes&quot;:[]},&quot;padding_vertical_menu_item_tablet&quot;:{&quot;unit&quot;:&quot;px&quot;,&quot;size&quot;:&quot;&quot;,&quot;sizes&quot;:[]},&quot;menu_space_between&quot;:{&quot;unit&quot;:&quot;px&quot;,&quot;size&quot;:&quot;&quot;,&quot;sizes&quot;:[]},&quot;menu_space_between_tablet&quot;:{&quot;unit&quot;:&quot;px&quot;,&quot;size&quot;:&quot;&quot;,&quot;sizes&quot;:[]},&quot;menu_row_space_tablet&quot;:{&quot;unit&quot;:&quot;px&quot;,&quot;size&quot;:&quot;&quot;,&quot;sizes&quot;:[]},&quot;menu_row_space_mobile&quot;:{&quot;unit&quot;:&quot;px&quot;,&quot;size&quot;:&quot;&quot;,&quot;sizes&quot;:[]},&quot;dropdown_border_radius&quot;:{&quot;unit&quot;:&quot;px&quot;,&quot;top&quot;:&quot;&quot;,&quot;right&quot;:&quot;&quot;,&quot;bottom&quot;:&quot;&quot;,&quot;left&quot;:&quot;&quot;,&quot;isLinked&quot;:true},&quot;dropdown_border_radius_tablet&quot;:{&quot;unit&quot;:&quot;px&quot;,&quot;top&quot;:&quot;&quot;,&quot;right&quot;:&quot;&quot;,&quot;bottom&quot;:&quot;&quot;,&quot;left&quot;:&quot;&quot;,&quot;isLinked&quot;:true},&quot;dropdown_border_radius_mobile&quot;:{&quot;unit&quot;:&quot;px&quot;,&quot;top&quot;:&quot;&quot;,&quot;right&quot;:&quot;&quot;,&quot;bottom&quot;:&quot;&quot;,&quot;left&quot;:&quot;&quot;,&quot;isLinked&quot;:true},&quot;width_dropdown_item&quot;:{&quot;unit&quot;:&quot;px&quot;,&quot;size&quot;:&quot;220&quot;,&quot;sizes&quot;:[]},&quot;width_dropdown_item_tablet&quot;:{&quot;unit&quot;:&quot;px&quot;,&quot;size&quot;:&quot;&quot;,&quot;sizes&quot;:[]},&quot;width_dropdown_item_mobile&quot;:{&quot;unit&quot;:&quot;px&quot;,&quot;size&quot;:&quot;&quot;,&quot;sizes&quot;:[]},&quot;padding_horizontal_dropdown_item&quot;:{&quot;unit&quot;:&quot;px&quot;,&quot;size&quot;:&quot;&quot;,&quot;sizes&quot;:[]},&quot;padding_horizontal_dropdown_item_tablet&quot;:{&quot;unit&quot;:&quot;px&quot;,&quot;size&quot;:&quot;&quot;,&quot;sizes&quot;:[]},&quot;padding_horizontal_dropdown_item_mobile&quot;:{&quot;unit&quot;:&quot;px&quot;,&quot;size&quot;:&quot;&quot;,&quot;sizes&quot;:[]},&quot;padding_vertical_dropdown_item&quot;:{&quot;unit&quot;:&quot;px&quot;,&quot;size&quot;:15,&quot;sizes&quot;:[]},&quot;padding_vertical_dropdown_item_tablet&quot;:{&quot;unit&quot;:&quot;px&quot;,&quot;size&quot;:&quot;&quot;,&quot;sizes&quot;:[]},&quot;padding_vertical_dropdown_item_mobile&quot;:{&quot;unit&quot;:&quot;px&quot;,&quot;size&quot;:&quot;&quot;,&quot;sizes&quot;:[]},&quot;distance_from_menu&quot;:{&quot;unit&quot;:&quot;px&quot;,&quot;size&quot;:&quot;&quot;,&quot;sizes&quot;:[]},&quot;distance_from_menu_tablet&quot;:{&quot;unit&quot;:&quot;px&quot;,&quot;size&quot;:&quot;&quot;,&quot;sizes&quot;:[]},&quot;distance_from_menu_mobile&quot;:{&quot;unit&quot;:&quot;px&quot;,&quot;size&quot;:&quot;&quot;,&quot;sizes&quot;:[]},&quot;toggle_size&quot;:{&quot;unit&quot;:&quot;px&quot;,&quot;size&quot;:&quot;&quot;,&quot;sizes&quot;:[]},&quot;toggle_size_tablet&quot;:{&quot;unit&quot;:&quot;px&quot;,&quot;size&quot;:&quot;&quot;,&quot;sizes&quot;:[]},&quot;toggle_size_mobile&quot;:{&quot;unit&quot;:&quot;px&quot;,&quot;size&quot;:&quot;&quot;,&quot;sizes&quot;:[]},&quot;toggle_border_width&quot;:{&quot;unit&quot;:&quot;px&quot;,&quot;size&quot;:&quot;&quot;,&quot;sizes&quot;:[]},&quot;toggle_border_width_tablet&quot;:{&quot;unit&quot;:&quot;px&quot;,&quot;size&quot;:&quot;&quot;,&quot;sizes&quot;:[]},&quot;toggle_border_width_mobile&quot;:{&quot;unit&quot;:&quot;px&quot;,&quot;size&quot;:&quot;&quot;,&quot;sizes&quot;:[]},&quot;toggle_border_radius&quot;:{&quot;unit&quot;:&quot;px&quot;,&quot;size&quot;:&quot;&quot;,&quot;sizes&quot;:[]},&quot;toggle_border_radius_tablet&quot;:{&quot;unit&quot;:&quot;px&quot;,&quot;size&quot;:&quot;&quot;,&quot;sizes&quot;:[]},&quot;toggle_border_radius_mobile&quot;:{&quot;unit&quot;:&quot;px&quot;,&quot;size&quot;:&quot;&quot;,&quot;sizes&quot;:[]}}\" data-widget_type=\"navigation-menu.default\">\n\t\t\t\t<div class=\"elementor-widget-container\">\n\t\t\t\t\t\t\t\t<div class=\"hfe-nav-menu hfe-layout-horizontal hfe-nav-menu-layout horizontal hfe-pointer__none\" data-layout=\"horizontal\">\n\t\t\t\t<div role=\"button\" class=\"hfe-nav-menu__toggle elementor-clickable\">\n\t\t\t\t\t<span class=\"screen-reader-text\">Men\u00fa<\/span>\n\t\t\t\t\t<div class=\"hfe-nav-menu-icon\">\n\t\t\t\t\t\t\t\t\t\t\t<\/div>\n\t\t\t\t<\/div>\n\t\t\t\t<nav class=\"hfe-nav-menu__layout-horizontal hfe-nav-menu__submenu-arrow\" data-toggle-icon=\"\" data-close-icon=\"\" data-full-width=\"\">\n\t\t\t\t\t<ul id=\"menu-1-521d442e\" class=\"hfe-nav-menu\"><li id=\"menu-item-793\" class=\"menu-item menu-item-type-post_type menu-item-object-page parent hfe-creative-menu\"><a href=\"https:\/\/pafusol.com\/index.php\/productos\/combustible\/\" class = \"hfe-menu-item\">Combustible<\/a><\/li>\n<li id=\"menu-item-792\" class=\"menu-item menu-item-type-post_type menu-item-object-page parent hfe-creative-menu\"><a href=\"https:\/\/pafusol.com\/index.php\/productos\/urea\/\" class = \"hfe-menu-item\">Urea<\/a><\/li>\n<li id=\"menu-item-791\" class=\"menu-item menu-item-type-post_type menu-item-object-page parent hfe-creative-menu\"><a href=\"https:\/\/pafusol.com\/index.php\/productos\/senaleticas\/\" class = \"hfe-menu-item\">Se\u00f1al\u00e9ticas<\/a><\/li>\n<li id=\"menu-item-790\" class=\"menu-item menu-item-type-post_type menu-item-object-page parent hfe-creative-menu\"><a href=\"https:\/\/pafusol.com\/index.php\/productos\/compresores\/\" class = \"hfe-menu-item\">Compresores<\/a><\/li>\n<\/ul> \n\t\t\t\t<\/nav>\n\t\t\t<\/div>\n\t\t\t\t\t\t\t<\/div>\n\t\t\t\t<\/div>\n\t\t\t\t\t<\/div>\n\t\t<\/div>\n\t\t\t\t\t<\/div>\n\t\t<\/section>\n\t\t\t\t<section class=\"elementor-section elementor-top-section elementor-element elementor-element-4dd825cc elementor-section-full_width elementor-section-height-default elementor-section-height-default\" data-id=\"4dd825cc\" data-element_type=\"section\" id=\"valvulas\">\n\t\t\t\t\t\t<div class=\"elementor-container elementor-column-gap-no\">\n\t\t\t\t\t<div class=\"elementor-column elementor-col-100 elementor-top-column elementor-element elementor-element-37e96c4c\" data-id=\"37e96c4c\" data-element_type=\"column\">\n\t\t\t<div class=\"elementor-widget-wrap elementor-element-populated\">\n\t\t\t\t\t\t<section class=\"elementor-section elementor-inner-section elementor-element elementor-element-6cc608e8 elementor-section-boxed elementor-section-height-default elementor-section-height-default\" data-id=\"6cc608e8\" data-element_type=\"section\">\n\t\t\t\t\t\t<div class=\"elementor-container elementor-column-gap-no\">\n\t\t\t\t\t<div class=\"elementor-column elementor-col-50 elementor-inner-column elementor-element elementor-element-ace2111\" data-id=\"ace2111\" data-element_type=\"column\">\n\t\t\t<div class=\"elementor-widget-wrap elementor-element-populated\">\n\t\t\t\t\t\t<div class=\"elementor-element elementor-element-f18fd88 elementor-position-top elementor-widget elementor-widget-image-box\" data-id=\"f18fd88\" data-element_type=\"widget\" data-widget_type=\"image-box.default\">\n\t\t\t\t<div class=\"elementor-widget-container\">\n\t\t\t\t\t<div class=\"elementor-image-box-wrapper\"><figure class=\"elementor-image-box-img\"><img fetchpriority=\"high\" decoding=\"async\" width=\"1080\" height=\"1080\" src=\"https:\/\/pafusol.com\/wp-content\/uploads\/2023\/11\/pist_3.jpg\" class=\"elementor-animation-grow attachment-full size-full wp-image-819\" alt=\"\" srcset=\"https:\/\/pafusol.com\/wp-content\/uploads\/2023\/11\/pist_3.jpg 1080w, https:\/\/pafusol.com\/wp-content\/uploads\/2023\/11\/pist_3-300x300.jpg 300w, https:\/\/pafusol.com\/wp-content\/uploads\/2023\/11\/pist_3-1024x1024.jpg 1024w, https:\/\/pafusol.com\/wp-content\/uploads\/2023\/11\/pist_3-150x150.jpg 150w, https:\/\/pafusol.com\/wp-content\/uploads\/2023\/11\/pist_3-768x768.jpg 768w\" sizes=\"(max-width: 1080px) 100vw, 1080px\" \/><\/figure><div class=\"elementor-image-box-content\"><h4 class=\"elementor-image-box-title\">PISTOLA PARA DESP. UREA <\/h4><p class=\"elementor-image-box-description\">AUTOMOTRIZ 3\/4\"<\/p><\/div><\/div>\t\t\t\t<\/div>\n\t\t\t\t<\/div>\n\t\t\t\t\t<\/div>\n\t\t<\/div>\n\t\t\t\t<div class=\"elementor-column elementor-col-50 elementor-inner-column elementor-element elementor-element-1545ce1e\" data-id=\"1545ce1e\" data-element_type=\"column\">\n\t\t\t<div class=\"elementor-widget-wrap elementor-element-populated\">\n\t\t\t\t\t\t<div class=\"elementor-element elementor-element-6954c050 elementor-position-top elementor-widget elementor-widget-image-box\" data-id=\"6954c050\" data-element_type=\"widget\" data-widget_type=\"image-box.default\">\n\t\t\t\t<div class=\"elementor-widget-container\">\n\t\t\t\t\t<div class=\"elementor-image-box-wrapper\"><figure class=\"elementor-image-box-img\"><img decoding=\"async\" width=\"1080\" height=\"1080\" src=\"https:\/\/pafusol.com\/wp-content\/uploads\/2023\/11\/pist_4.jpg\" class=\"elementor-animation-grow attachment-full size-full wp-image-820\" alt=\"\" srcset=\"https:\/\/pafusol.com\/wp-content\/uploads\/2023\/11\/pist_4.jpg 1080w, https:\/\/pafusol.com\/wp-content\/uploads\/2023\/11\/pist_4-300x300.jpg 300w, https:\/\/pafusol.com\/wp-content\/uploads\/2023\/11\/pist_4-1024x1024.jpg 1024w, https:\/\/pafusol.com\/wp-content\/uploads\/2023\/11\/pist_4-150x150.jpg 150w, https:\/\/pafusol.com\/wp-content\/uploads\/2023\/11\/pist_4-768x768.jpg 768w\" sizes=\"(max-width: 1080px) 100vw, 1080px\" \/><\/figure><div class=\"elementor-image-box-content\"><h4 class=\"elementor-image-box-title\">PISTOLA PARA DESP. UREA<\/h4><p class=\"elementor-image-box-description\">AUTOMOTRIZ 3\/4\"<\/p><\/div><\/div>\t\t\t\t<\/div>\n\t\t\t\t<\/div>\n\t\t\t\t\t<\/div>\n\t\t<\/div>\n\t\t\t\t\t<\/div>\n\t\t<\/section>\n\t\t\t\t\t<\/div>\n\t\t<\/div>\n\t\t\t\t\t<\/div>\n\t\t<\/section>\n\t\t\t\t<section class=\"elementor-section elementor-top-section elementor-element elementor-element-4de3ae2 elementor-section-full_width elementor-section-height-default elementor-section-height-default\" data-id=\"4de3ae2\" data-element_type=\"section\">\n\t\t\t\t\t\t<div class=\"elementor-container elementor-column-gap-no\">\n\t\t\t\t\t<div class=\"elementor-column elementor-col-100 elementor-top-column elementor-element elementor-element-93baefb\" data-id=\"93baefb\" data-element_type=\"column\">\n\t\t\t<div class=\"elementor-widget-wrap elementor-element-populated\">\n\t\t\t\t\t\t<section class=\"elementor-section elementor-inner-section elementor-element elementor-element-1533d19 elementor-section-boxed elementor-section-height-default elementor-section-height-default\" data-id=\"1533d19\" data-element_type=\"section\">\n\t\t\t\t\t\t<div class=\"elementor-container elementor-column-gap-no\">\n\t\t\t\t\t<div class=\"elementor-column elementor-col-50 elementor-inner-column elementor-element elementor-element-76d197e\" data-id=\"76d197e\" data-element_type=\"column\">\n\t\t\t<div class=\"elementor-widget-wrap elementor-element-populated\">\n\t\t\t\t\t\t<div class=\"elementor-element elementor-element-131c8f8 elementor-widget elementor-widget-image\" data-id=\"131c8f8\" data-element_type=\"widget\" data-widget_type=\"image.default\">\n\t\t\t\t<div class=\"elementor-widget-container\">\n\t\t\t\t\t\t\t\t\t\t\t\t\t\t\t<img decoding=\"async\" width=\"523\" height=\"1024\" src=\"https:\/\/pafusol.com\/wp-content\/uploads\/2023\/11\/PALAS-PUMP-DEF-523x1024.png\" class=\"attachment-large size-large wp-image-912\" alt=\"\" srcset=\"https:\/\/pafusol.com\/wp-content\/uploads\/2023\/11\/PALAS-PUMP-DEF-523x1024.png 523w, https:\/\/pafusol.com\/wp-content\/uploads\/2023\/11\/PALAS-PUMP-DEF-153x300.png 153w, https:\/\/pafusol.com\/wp-content\/uploads\/2023\/11\/PALAS-PUMP-DEF.png 687w\" sizes=\"(max-width: 34.9rem) calc(100vw - 2rem), (max-width: 53rem) calc(8 * (100vw \/ 12)), (min-width: 53rem) calc(6 * (100vw \/ 12)), 100vw\" \/>\t\t\t\t\t\t\t\t\t\t\t\t\t\t\t<\/div>\n\t\t\t\t<\/div>\n\t\t\t\t\t<\/div>\n\t\t<\/div>\n\t\t\t\t<div class=\"elementor-column elementor-col-50 elementor-inner-column elementor-element elementor-element-8fdd036\" data-id=\"8fdd036\" data-element_type=\"column\">\n\t\t\t<div class=\"elementor-widget-wrap elementor-element-populated\">\n\t\t\t\t\t\t<div class=\"elementor-element elementor-element-da92479 elementor-widget elementor-widget-heading\" data-id=\"da92479\" data-element_type=\"widget\" data-widget_type=\"heading.default\">\n\t\t\t\t<div class=\"elementor-widget-container\">\n\t\t\t\t\t<h2 class=\"elementor-heading-title elementor-size-default\">PALAS PUMP DEF.<\/h2>\t\t\t\t<\/div>\n\t\t\t\t<\/div>\n\t\t\t\t<div class=\"elementor-element elementor-element-9d894e4 elementor-widget elementor-widget-text-editor\" data-id=\"9d894e4\" data-element_type=\"widget\" data-widget_type=\"text-editor.default\">\n\t\t\t\t<div class=\"elementor-widget-container\">\n\t\t\t\t\t\t\t\t\t<p>PALAS PUMP cuenta con cuentalitros digital Urea.<\/p>\t\t\t\t\t\t\t\t<\/div>\n\t\t\t\t<\/div>\n\t\t\t\t<div class=\"elementor-element elementor-element-7df2161 elementor-icon-list--layout-traditional elementor-list-item-link-full_width elementor-widget elementor-widget-icon-list\" data-id=\"7df2161\" data-element_type=\"widget\" data-widget_type=\"icon-list.default\">\n\t\t\t\t<div class=\"elementor-widget-container\">\n\t\t\t\t\t\t\t<ul class=\"elementor-icon-list-items\">\n\t\t\t\t\t\t\t<li class=\"elementor-icon-list-item\">\n\t\t\t\t\t\t\t\t\t\t\t<span class=\"elementor-icon-list-icon\">\n\t\t\t\t\t\t\t<i aria-hidden=\"true\" class=\"fas fa-check\"><\/i>\t\t\t\t\t\t<\/span>\n\t\t\t\t\t\t\t\t\t\t<span class=\"elementor-icon-list-text\">Medidores de precisi\u00f3n +\/- 1.0%.<\/span>\n\t\t\t\t\t\t\t\t\t<\/li>\n\t\t\t\t\t\t\t\t<li class=\"elementor-icon-list-item\">\n\t\t\t\t\t\t\t\t\t\t\t<span class=\"elementor-icon-list-icon\">\n\t\t\t\t\t\t\t<i aria-hidden=\"true\" class=\"fas fa-check\"><\/i>\t\t\t\t\t\t<\/span>\n\t\t\t\t\t\t\t\t\t\t<span class=\"elementor-icon-list-text\">Pistola autom\u00e1tica con destorcedor de 3\/4\"<\/span>\n\t\t\t\t\t\t\t\t\t<\/li>\n\t\t\t\t\t\t\t\t<li class=\"elementor-icon-list-item\">\n\t\t\t\t\t\t\t\t\t\t\t<span class=\"elementor-icon-list-icon\">\n\t\t\t\t\t\t\t<i aria-hidden=\"true\" class=\"fas fa-check\"><\/i>\t\t\t\t\t\t<\/span>\n\t\t\t\t\t\t\t\t\t\t<span class=\"elementor-icon-list-text\">Manguera de 3\/4\" por 3 metros.<\/span>\n\t\t\t\t\t\t\t\t\t<\/li>\n\t\t\t\t\t\t\t\t<li class=\"elementor-icon-list-item\">\n\t\t\t\t\t\t\t\t\t\t\t<span class=\"elementor-icon-list-icon\">\n\t\t\t\t\t\t\t<i aria-hidden=\"true\" class=\"fas fa-check\"><\/i>\t\t\t\t\t\t<\/span>\n\t\t\t\t\t\t\t\t\t\t<span class=\"elementor-icon-list-text\">Gabinete met\u00e1lico con pintura electrost\u00e1tica<\/span>\n\t\t\t\t\t\t\t\t\t<\/li>\n\t\t\t\t\t\t\t\t<li class=\"elementor-icon-list-item\">\n\t\t\t\t\t\t\t\t\t\t\t<span class=\"elementor-icon-list-icon\">\n\t\t\t\t\t\t\t<i aria-hidden=\"true\" class=\"fas fa-check\"><\/i>\t\t\t\t\t\t<\/span>\n\t\t\t\t\t\t\t\t\t\t<span class=\"elementor-icon-list-text\">Bomba para DEF 30 LPM<\/span>\n\t\t\t\t\t\t\t\t\t<\/li>\n\t\t\t\t\t\t<\/ul>\n\t\t\t\t\t\t<\/div>\n\t\t\t\t<\/div>\n\t\t\t\t\t<\/div>\n\t\t<\/div>\n\t\t\t\t\t<\/div>\n\t\t<\/section>\n\t\t\t\t\t<\/div>\n\t\t<\/div>\n\t\t\t\t\t<\/div>\n\t\t<\/section>\n\t\t\t\t<\/div>\n\t\t","protected":false},"excerpt":{"rendered":"<p>Men\u00fa Combustible Urea Se\u00f1al\u00e9ticas Compresores PISTOLA PARA DESP. UREA AUTOMOTRIZ 3\/4&#8243; PISTOLA PARA DESP. UREA AUTOMOTRIZ 3\/4&#8243; PALAS PUMP DEF. PALAS PUMP cuenta con cuentalitros digital Urea. Medidores de precisi\u00f3n +\/- 1.0%. Pistola autom\u00e1tica con destorcedor de 3\/4&#8243; Manguera de 3\/4&#8243; por 3 metros. Gabinete met\u00e1lico con pintura electrost\u00e1tica Bomba para DEF 30 LPM<\/p>\n","protected":false},"author":1,"featured_media":0,"parent":124,"menu_order":0,"comment_status":"closed","ping_status":"closed","template":"elementor_header_footer","meta":{"inline_featured_image":false,"_joinchat":[],"footnotes":""},"class_list":["post-773","page","type-page","status-publish","hentry","entry"],"yoast_head":"<!-- This site is optimized with the Yoast SEO plugin v24.2 - https:\/\/yoast.com\/wordpress\/plugins\/seo\/ -->\n<title>Urea - Pacific Fuel Solutions<\/title>\n<meta name=\"robots\" content=\"index, follow, max-snippet:-1, max-image-preview:large, max-video-preview:-1\" \/>\n<link rel=\"canonical\" href=\"https:\/\/pafusol.com\/index.php\/productos\/urea\/\" \/>\n<meta property=\"og:locale\" content=\"es_MX\" \/>\n<meta property=\"og:type\" content=\"article\" \/>\n<meta property=\"og:title\" content=\"Urea - Pacific Fuel Solutions\" \/>\n<meta property=\"og:description\" content=\"Men\u00fa Combustible Urea Se\u00f1al\u00e9ticas Compresores PISTOLA PARA DESP. UREA AUTOMOTRIZ 3\/4&#8243; PISTOLA PARA DESP. UREA AUTOMOTRIZ 3\/4&#8243; PALAS PUMP DEF. PALAS PUMP cuenta con cuentalitros digital Urea. Medidores de precisi\u00f3n +\/- 1.0%. Pistola autom\u00e1tica con destorcedor de 3\/4&#8243; Manguera de 3\/4&#8243; por 3 metros. Gabinete met\u00e1lico con pintura electrost\u00e1tica Bomba para DEF 30 LPM\" \/>\n<meta property=\"og:url\" content=\"https:\/\/pafusol.com\/index.php\/productos\/urea\/\" \/>\n<meta property=\"og:site_name\" content=\"Pacific Fuel Solutions\" \/>\n<meta property=\"article:modified_time\" content=\"2023-11-15T04:37:08+00:00\" \/>\n<meta property=\"og:image\" content=\"https:\/\/pafusol.com\/wp-content\/uploads\/2023\/11\/pist_3.jpg\" \/>\n<meta name=\"twitter:card\" content=\"summary_large_image\" \/>\n<meta name=\"twitter:label1\" content=\"Tiempo de lectura\" \/>\n\t<meta name=\"twitter:data1\" content=\"1 minuto\" \/>\n<script type=\"application\/ld+json\" class=\"yoast-schema-graph\">{\"@context\":\"https:\/\/schema.org\",\"@graph\":[{\"@type\":\"WebPage\",\"@id\":\"https:\/\/pafusol.com\/index.php\/productos\/urea\/\",\"url\":\"https:\/\/pafusol.com\/index.php\/productos\/urea\/\",\"name\":\"Urea - Pacific Fuel Solutions\",\"isPartOf\":{\"@id\":\"https:\/\/pafusol.com\/#website\"},\"primaryImageOfPage\":{\"@id\":\"https:\/\/pafusol.com\/index.php\/productos\/urea\/#primaryimage\"},\"image\":{\"@id\":\"https:\/\/pafusol.com\/index.php\/productos\/urea\/#primaryimage\"},\"thumbnailUrl\":\"https:\/\/pafusol.com\/wp-content\/uploads\/2023\/11\/pist_3.jpg\",\"datePublished\":\"2023-11-15T00:57:32+00:00\",\"dateModified\":\"2023-11-15T04:37:08+00:00\",\"breadcrumb\":{\"@id\":\"https:\/\/pafusol.com\/index.php\/productos\/urea\/#breadcrumb\"},\"inLanguage\":\"es\",\"potentialAction\":[{\"@type\":\"ReadAction\",\"target\":[\"https:\/\/pafusol.com\/index.php\/productos\/urea\/\"]}]},{\"@type\":\"ImageObject\",\"inLanguage\":\"es\",\"@id\":\"https:\/\/pafusol.com\/index.php\/productos\/urea\/#primaryimage\",\"url\":\"https:\/\/pafusol.com\/wp-content\/uploads\/2023\/11\/pist_3.jpg\",\"contentUrl\":\"https:\/\/pafusol.com\/wp-content\/uploads\/2023\/11\/pist_3.jpg\",\"width\":1080,\"height\":1080},{\"@type\":\"BreadcrumbList\",\"@id\":\"https:\/\/pafusol.com\/index.php\/productos\/urea\/#breadcrumb\",\"itemListElement\":[{\"@type\":\"ListItem\",\"position\":1,\"name\":\"Inicio\",\"item\":\"https:\/\/pafusol.com\/\"},{\"@type\":\"ListItem\",\"position\":2,\"name\":\"Productos\",\"item\":\"https:\/\/pafusol.com\/index.php\/productos\/\"},{\"@type\":\"ListItem\",\"position\":3,\"name\":\"Urea\"}]},{\"@type\":\"WebSite\",\"@id\":\"https:\/\/pafusol.com\/#website\",\"url\":\"https:\/\/pafusol.com\/\",\"name\":\"Pacific Fuel Solutions\",\"description\":\"Just another WordPress site\",\"publisher\":{\"@id\":\"https:\/\/pafusol.com\/#organization\"},\"potentialAction\":[{\"@type\":\"SearchAction\",\"target\":{\"@type\":\"EntryPoint\",\"urlTemplate\":\"https:\/\/pafusol.com\/?s={search_term_string}\"},\"query-input\":{\"@type\":\"PropertyValueSpecification\",\"valueRequired\":true,\"valueName\":\"search_term_string\"}}],\"inLanguage\":\"es\"},{\"@type\":\"Organization\",\"@id\":\"https:\/\/pafusol.com\/#organization\",\"name\":\"Pacific Fuel Solutions\",\"url\":\"https:\/\/pafusol.com\/\",\"logo\":{\"@type\":\"ImageObject\",\"inLanguage\":\"es\",\"@id\":\"https:\/\/pafusol.com\/#\/schema\/logo\/image\/\",\"url\":\"https:\/\/pafusol.com\/wp-content\/uploads\/2021\/05\/LOGO-PFS-chico.svg\",\"contentUrl\":\"https:\/\/pafusol.com\/wp-content\/uploads\/2021\/05\/LOGO-PFS-chico.svg\",\"caption\":\"Pacific Fuel Solutions\"},\"image\":{\"@id\":\"https:\/\/pafusol.com\/#\/schema\/logo\/image\/\"}}]}<\/script>\n<!-- \/ Yoast SEO plugin. -->","yoast_head_json":{"title":"Urea - Pacific Fuel Solutions","robots":{"index":"index","follow":"follow","max-snippet":"max-snippet:-1","max-image-preview":"max-image-preview:large","max-video-preview":"max-video-preview:-1"},"canonical":"https:\/\/pafusol.com\/index.php\/productos\/urea\/","og_locale":"es_MX","og_type":"article","og_title":"Urea - Pacific Fuel Solutions","og_description":"Men\u00fa Combustible Urea Se\u00f1al\u00e9ticas Compresores PISTOLA PARA DESP. UREA AUTOMOTRIZ 3\/4&#8243; PISTOLA PARA DESP. UREA AUTOMOTRIZ 3\/4&#8243; PALAS PUMP DEF. PALAS PUMP cuenta con cuentalitros digital Urea. Medidores de precisi\u00f3n +\/- 1.0%. Pistola autom\u00e1tica con destorcedor de 3\/4&#8243; Manguera de 3\/4&#8243; por 3 metros. Gabinete met\u00e1lico con pintura electrost\u00e1tica Bomba para DEF 30 LPM","og_url":"https:\/\/pafusol.com\/index.php\/productos\/urea\/","og_site_name":"Pacific Fuel Solutions","article_modified_time":"2023-11-15T04:37:08+00:00","og_image":[{"url":"https:\/\/pafusol.com\/wp-content\/uploads\/2023\/11\/pist_3.jpg","type":"","width":"","height":""}],"twitter_card":"summary_large_image","twitter_misc":{"Tiempo de lectura":"1 minuto"},"schema":{"@context":"https:\/\/schema.org","@graph":[{"@type":"WebPage","@id":"https:\/\/pafusol.com\/index.php\/productos\/urea\/","url":"https:\/\/pafusol.com\/index.php\/productos\/urea\/","name":"Urea - Pacific Fuel Solutions","isPartOf":{"@id":"https:\/\/pafusol.com\/#website"},"primaryImageOfPage":{"@id":"https:\/\/pafusol.com\/index.php\/productos\/urea\/#primaryimage"},"image":{"@id":"https:\/\/pafusol.com\/index.php\/productos\/urea\/#primaryimage"},"thumbnailUrl":"https:\/\/pafusol.com\/wp-content\/uploads\/2023\/11\/pist_3.jpg","datePublished":"2023-11-15T00:57:32+00:00","dateModified":"2023-11-15T04:37:08+00:00","breadcrumb":{"@id":"https:\/\/pafusol.com\/index.php\/productos\/urea\/#breadcrumb"},"inLanguage":"es","potentialAction":[{"@type":"ReadAction","target":["https:\/\/pafusol.com\/index.php\/productos\/urea\/"]}]},{"@type":"ImageObject","inLanguage":"es","@id":"https:\/\/pafusol.com\/index.php\/productos\/urea\/#primaryimage","url":"https:\/\/pafusol.com\/wp-content\/uploads\/2023\/11\/pist_3.jpg","contentUrl":"https:\/\/pafusol.com\/wp-content\/uploads\/2023\/11\/pist_3.jpg","width":1080,"height":1080},{"@type":"BreadcrumbList","@id":"https:\/\/pafusol.com\/index.php\/productos\/urea\/#breadcrumb","itemListElement":[{"@type":"ListItem","position":1,"name":"Inicio","item":"https:\/\/pafusol.com\/"},{"@type":"ListItem","position":2,"name":"Productos","item":"https:\/\/pafusol.com\/index.php\/productos\/"},{"@type":"ListItem","position":3,"name":"Urea"}]},{"@type":"WebSite","@id":"https:\/\/pafusol.com\/#website","url":"https:\/\/pafusol.com\/","name":"Pacific Fuel Solutions","description":"Just another WordPress site","publisher":{"@id":"https:\/\/pafusol.com\/#organization"},"potentialAction":[{"@type":"SearchAction","target":{"@type":"EntryPoint","urlTemplate":"https:\/\/pafusol.com\/?s={search_term_string}"},"query-input":{"@type":"PropertyValueSpecification","valueRequired":true,"valueName":"search_term_string"}}],"inLanguage":"es"},{"@type":"Organization","@id":"https:\/\/pafusol.com\/#organization","name":"Pacific Fuel Solutions","url":"https:\/\/pafusol.com\/","logo":{"@type":"ImageObject","inLanguage":"es","@id":"https:\/\/pafusol.com\/#\/schema\/logo\/image\/","url":"https:\/\/pafusol.com\/wp-content\/uploads\/2021\/05\/LOGO-PFS-chico.svg","contentUrl":"https:\/\/pafusol.com\/wp-content\/uploads\/2021\/05\/LOGO-PFS-chico.svg","caption":"Pacific Fuel Solutions"},"image":{"@id":"https:\/\/pafusol.com\/#\/schema\/logo\/image\/"}}]}},"_links":{"self":[{"href":"https:\/\/pafusol.com\/index.php\/wp-json\/wp\/v2\/pages\/773","targetHints":{"allow":["GET"]}}],"collection":[{"href":"https:\/\/pafusol.com\/index.php\/wp-json\/wp\/v2\/pages"}],"about":[{"href":"https:\/\/pafusol.com\/index.php\/wp-json\/wp\/v2\/types\/page"}],"author":[{"embeddable":true,"href":"https:\/\/pafusol.com\/index.php\/wp-json\/wp\/v2\/users\/1"}],"replies":[{"embeddable":true,"href":"https:\/\/pafusol.com\/index.php\/wp-json\/wp\/v2\/comments?post=773"}],"version-history":[{"count":10,"href":"https:\/\/pafusol.com\/index.php\/wp-json\/wp\/v2\/pages\/773\/revisions"}],"predecessor-version":[{"id":957,"href":"https:\/\/pafusol.com\/index.php\/wp-json\/wp\/v2\/pages\/773\/revisions\/957"}],"up":[{"embeddable":true,"href":"https:\/\/pafusol.com\/index.php\/wp-json\/wp\/v2\/pages\/124"}],"wp:attachment":[{"href":"https:\/\/pafusol.com\/index.php\/wp-json\/wp\/v2\/media?parent=773"}],"curies":[{"name":"wp","href":"https:\/\/api.w.org\/{rel}","templated":true}]}}